{"id":2,"date":"2023-02-24T18:10:00","date_gmt":"2023-02-24T17:10:00","guid":{"rendered":"https:\/\/tonmars.com\/?page_id=2"},"modified":"2025-12-17T12:26:44","modified_gmt":"2025-12-17T11:26:44","slug":"voorbeeld-pagina","status":"publish","type":"page","link":"https:\/\/tonmars.com\/?page_id=2","title":{"rendered":"Ton Mars"},"content":{"rendered":"\n<p><strong>Curriculum vitae<\/strong><\/p>\n\n\n\n<figure class=\"wp-block-table cv\"><table><tbody><tr><td>1950<\/td><td>* Born in Dalfsen (NL).<\/td><\/tr><tr><td>1972-1976<\/td><td>* Fine Arts at Academy Minerva, Groningen (NL)<\/td><\/tr><tr><td>1976<\/td><td>* Trip to North-, Middle- and South America.<\/td><\/tr><tr><td>1979<\/td><td>* Co-founder of &#8216;Stichting De Zaak&#8217; and magazine &#8216;Drukwerk De Zaak&#8217;, Groningen (NL)<\/td><\/tr><tr><td>1980-2004 <\/td><td>* Professor in Fine Arts at Academy Minerva, Groningen (NL)<\/td><\/tr><tr><td>1986 <\/td><td>* Stipendium of the Ministry of Culture in the Netherlands. Trip to Japan.<\/td><\/tr><tr><td>1988-1989 <\/td><td>* Professor in Fine Arts at the Academy in Arnhem (NL)<\/td><\/tr><tr><td>1993- 1997 <\/td><td>* Member of the jury of the &#8216;Koninklijke Prijs voor de Schilderkunst&#8217; [Royal Price for Painting], Amsterdam (NL)<\/td><\/tr><tr><td>1996-2015 <\/td><td>* Professor at the &#8216;MFA-Painting&#8217; of the Frank Mohr Institute, Groningen (NL)<\/td><\/tr><tr><td>1996<\/td><td>* Member of the jury of the &#8216;Hendrik de Vriesstipendium&#8217;, Groningen (NL)<\/td><\/tr><tr><td>2004<\/td><td>* Curator of &#8216;The International Exchange Exhibition\u2019, Hunter College Art Galleries, Times Square Gallery, New York (USA)<\/td><\/tr><tr><td>2004- 2006 <\/td><td>* Head of the Department of Fine Arts at Academy Minerva, Groningen (NL)<\/td><\/tr><tr><td>2006- 2007 <\/td><td>* Head of the Frank Mohr Institute, [Institute for Master Studies and Research in the Arts and Emergent Media], Groningen (NL)<\/td><\/tr><tr><td>2007- 2015 <\/td><td>* Professor in Fine Arts at Academy Minerva Groningen (NL)<\/td><\/tr><tr><td>2008<\/td><td>* Artist in Residence, Museum Insel Hombroich, Neuss (DE) <br>* Curator &#8216;Clear Surface&#8217;, Ruimte 09, Groningen (NL)<\/td><\/tr><tr><td>2009<\/td><td>*Member of the jury of the George Verberg Stipendium, Academy Minerva, Groningen (NL)<\/td><\/tr><tr><td>2010<\/td><td>* Artist in Residence, Museum Insel Hombroich, Neuss (DE)<\/td><\/tr><tr><td>2015 <\/td><td>* BA Philosophy, Rijks Universiteit Groningen (RUG), Groningen (NL)<\/td><\/tr><tr><td>2019<\/td><td>* MA Philosophy, Radboud University (RU), Nijmegen (NL)<\/td><\/tr><\/tbody><\/table><\/figure>\n\n\n\n<p><strong>One man shows<\/strong><\/p>\n\n\n\n<p><\/p>\n\n\n\n<figure class=\"wp-block-table\"><table><tbody><tr><td>2025<\/td><td>* Campis, podium voor hedendaagse kunst,  &#8216;Ton Mars &#8211; Full Blown&#8217;, Assen (NL)<\/td><\/tr><tr><td>2022<\/td><td>* Museum Belv\u00e9d\u00e8re, &#8216;Ton Mars &#8211; Auf eigene Gefahr&#8217;, Heerenveen-Oranjewoud  (NL)<\/td><\/tr><tr><td>2019<\/td><td>* Museum Belv\u00e9d\u00e8re, &#8216;Ton Mars &#8211; AB UNO\/AD   UNUM&#8217;, Heerenveen-Oranjewoud  (NL)<br>* &#8216;entre-raum f\u00fcr experimentelle bildtheorie&#8217;, Daniela H\u00f6lzl, &#8216;Ton Mars &#8211; Die Sprache(n) der Welt AB UNO\/AD   UNUM &#8211; Buch III [Amerika]&#8217;, Wien (AT)<\/td><\/tr><tr><td>2016<\/td><td>* Galerie Cora H\u00f6lzl&nbsp;&amp; Daniela  H\u00f6lzl, &#8216;Ton Mars &#8211; Eine Retrospektive&#8217;, D\u00fcsseldorf (DE) <\/td><\/tr><tr><td>2015<\/td><td>*Art Academy Minerva, &#8216;Cirkelgang&#8217;,  Groningen (NL)    <\/td><\/tr><tr><td>2013<\/td><td>* Galerie Cora H\u00f6lzl&nbsp;&amp; Daniela H\u00f6lzl, &#8216;Ton Mars -Tondi&#8217;, D\u00fcsseldorf (DE) <\/td><\/tr><tr><td>2011<\/td><td>* Museum Insel Hombroich, Residence Raketenstation, &#8216;Radical Expansions&#8217;, Neuss (DE)    <\/td><\/tr><tr><td>2010<\/td><td>* Galerie Cora H\u00f6lzl, &#8216;Stazione IV &#8211; Ort der Schrift&#8217;, D\u00fcsseldorf (DE) <\/td><\/tr><tr><td>2009<\/td><td>* Chromodomo \/ Kunstruimte 09, &#8216;Stazione III, Groningen (NL) <\/td><\/tr><tr><td>2008<\/td><td>* Museum Insel Hombroich, Field Institute &#8211; Raketenstation, &#8216;Stazione II&#8217;, Neuss (DE) <\/td><\/tr><tr><td>2007<\/td><td>* Forum Experimentelle Architektur,  &#8216;In-situ Installation Ton Mars&#8217;, Museumsquartier, Wien (AT)<br>* Galerie Cora H\u00f6lzl, &#8216;Stazione&#8217;, D\u00fcsseldorf (DE) <\/td><\/tr><tr><td>2006<\/td><td>* Galerie Domberger, &#8216;Ton Mars&#8217;, Filderstadt (DE)<br>* Kunstruimte 09, &#8216;Device &amp; Expansion&#8217;, Groningen (NL)<br>* Galerie Air, &#8216;Ton Mars&#8217;, Lochem (NL) <\/td><\/tr><tr><td>2005<\/td><td>* Galerie J. Friedrich, &#8216;Global player&#8217;, Dortmund(DE)<\/td><\/tr><tr><td>2004<\/td><td>* Krefelder Kunstverein, &#8216;Zeichenwelt&#8217;, Krefeld (DE)<br>* Galerie Cora H\u00f6lzl, &#8216;Triptychon&#8217;, D\u00fcsseldorf (DE)<br>* Galerie Frebel, &#8216;Ton Mars&#8217;, Sylt (DE) <\/td><\/tr><tr><td>2003<\/td><td>* Gesellschaft f\u00fcr Kunst und Gestaltung, &#8216;Strong wind (America)&#8217;, Bonn (DE) <\/td><\/tr><tr><td>2001<\/td><td>* Museum am Ostwall, &#8216;Ton Mars WeltenSammler&#8217;, Dortmund (DE)<br>* Galerie J. Friedrich, &#8216;Giovanni&#8217;s Haus&#8217;, Dortmund <\/td><\/tr><tr><td>2000<\/td><td>* Galerie Cora H\u00f6lzl, &#8216;Die Welt ein Zeichen&#8217;, D\u00fcsseldorf (DE) <\/td><\/tr><tr><td>1999<\/td><td>*Galerie J. Friedrich, &#8216;Disclosures I &amp; IV&#8217;, Dortmund (DE) <\/td><\/tr><tr><td>1998<\/td><td>* Groninger Museum, &#8216;AB UNO \/ AD UNUM&#8217;, Groningen (NL)<br>* Staatliche Kunsthalle Karlsruhe, &#8216;AD UNUM \/ AD UNUM&#8217;, Karlsruhe (DE)<br>* Kunstverein Bochum, &#8216;Ton Mars&#8217;, Haus Kemnade, Bochum (DE)<br>* Galerie Akinci, &#8216;Disclosures&#8217;, Amsterdam (NL<br>* Kunstraum Falkenstein- Elke Dr\u00f6scher, &#8216;Ton Mars&#8217;, Hamburg (DE)<br>* Galerie Domberger, &#8216;Ton Mars&#8217;, Filderstadt (DE)<br>* Galerie Schickler, &#8216;Ton Mars&#8217;, N\u00fcrnberg (DE) <\/td><\/tr><tr><td>1997<\/td><td>* Galerie Cora H\u00f6lzl, &#8216;Arrivals &amp; Departures&#8217;, D\u00fcsseldorf (DE) <\/td><\/tr><tr><td>1996<\/td><td>* Museum am Ostwall, &#8216;Stern &amp; Stein, Quest and Call&#8217;, Dortmund (DE) <\/td><\/tr><tr><td>1995<\/td><td>* Galerie Akinci, (with Werner Haypeter), Amsterdam (NL) <\/td><\/tr><tr><td>1994<\/td><td>* Galerie Cora H\u00f6lzl, &#8216;Directions for the Center&#8217;, D\u00fcsseldorf (DE) <\/td><\/tr><tr><td>1993<\/td><td>* Galerie J. Friedrich, &#8216;The Versions&#8217;, Dortmund (DE)<br>* De Kunstzaal, &#8216;Ton Mars&#8217;, Hengelo (NL)<br>* Archipel, &#8216;De Receptie&#8217;, (with Volker Saul), Apeldoorn (NL) <\/td><\/tr><tr><td>1992<\/td><td>* Galerie Akinci, &#8216;Land noch Zeil, Zee noch Trap&#8217;, Amsterdam (NL)<br>* ADO Gallery, &#8216;Ton Mars&#8217;, Antwerpen (BE) <\/td><\/tr><tr><td>1991<\/td><td>* Galerie Cora H\u00f6lzl, &#8216;Zeichenchoreographie&#8217;, D\u00fcsseldorf (DE)<br>* Galer\u00eda Elba Benitez, &#8216;Ton Mars&#8217;, Madrid (ES) <\/td><\/tr><tr><td>1990<\/td><td>* Galerie J. Friedrich, &#8216;Ton Mars&#8217;, Dortmund (DE)<br>* Galerie Domberger, &#8216;Ton Mars&#8217;, Filderstadt (DE)<br>* Schouwburggalerij, &#8216;Olie op karton &#8217;85-&#8217;87&#8217;, Rotterdam (NL)<\/td><\/tr><tr><td>1989<\/td><td>* ADO Gallery, &#8216;Ton Mars&#8217;, Antwerpen (BE)<br>* Galerie Akinci, (with Michel Sauer), Amsterdam (NL)<br>* Kunstraum Falkenstein &#8211; Elke Dr\u00f6scher, &#8216;Ton Mars&#8217;, Hamburg (DE)<\/td><\/tr><tr><td>1988<\/td><td>* Shimada Gallery, &#8216;Ton Mars&#8217;, Yamaguchi (Japan)<br>* Galerie Cora H\u00f6lzl, &#8216;Ton Mars&#8217;, D\u00fcsseldorf, (DE)<\/td><\/tr><tr><td>1987<\/td><td>* Galerie De Bruijn-Akinci, &#8216;Ton Mars&#8217;, Amsterdam (NL)<br>* Galerie Annette Gmeiner,  &#8216;Ton Mars&#8217;Kirchzarten (DE) <\/td><\/tr><tr><td>1986<\/td><td>* Galerie Cora H\u00f6lzl, &#8216;Ton Mars&#8217;, D\u00fcsseldorf (DE)<br>* Shimada Gallery, &#8216;Ton Mars&#8217;, Yamaguchi (Japan)<br>* De Kunstzaal, &#8216;Ton Mars, Hengelo (NL) <\/td><\/tr><tr><td>1983<\/td><td>* Passionata IBK,  (with Hans Scholten), Nijmegen (NL)<br>* Lokaal 01,  (with Hans Scholten), Breda (NL)<br>* De Zaak, (with Hans Scholten), Groningen (NL) <\/td><\/tr><tr><td>1982<\/td><td>* De Zaak, &#8216;Attempt \/ Temptation&#8217;, (with Jouke Kleerebezem), Groningen (NL)<br>* De Zeedijk, &#8216;Actie aan de Zeedijk&#8217;, (with Hans Scholten), Terneuzen (NL) <\/td><\/tr><tr><td>1980<\/td><td>* De Zaak, &#8216;Ton Mars&#8217;, Groningen (NL)<\/td><\/tr><tr><td>1979<\/td><td>* Galerie Marzee, &#8216;Ton Mars&#8217;, Nijmegen (NL)<\/td><\/tr><\/tbody><\/table><\/figure>\n\n\n\n<p><strong>Group shows<\/strong><\/p>\n\n\n\n<figure class=\"wp-block-table\"><table><tbody><tr><td>2019&nbsp;<\/td><td>* Groninger Museum, &#8216;Vrienden voor het leven&#8217;, Groningen (NL)<\/td><\/tr><tr><td>2015<\/td><td>* Arte Concordia, Rotterdam (NL)<\/td><\/tr><tr><td>&nbsp;2013<\/td><td>* De Ketelfactory, &#8216;White Radiance&#8217;,  Schiedam (NL)<br>* Galerie Cora &amp; Daniela H\u00f6lzl, &#8216;Ey5&#8217;, D\u00fcsseldorf (DE) * Van Abbemuseum (bibliotheek), &#8216;Katernen&#8217;, Eindhoven (NL)<\/td><\/tr><tr><td>2012&nbsp;<\/td><td>* Museum Belv\u00e9d\u00e8re, &#8216;GeGeven II&#8217;, Heerenveen- Oranjewoud (NL)<br>* SMAHK, &#8216;NoordNetNu&#8217;, Assen (NL)* Kunstmuseum Kunstpalast, &#8216;Aus Passion&#8217;, [Zeitgen\u00f6ssische Kunst aus der Sammlung Hanck], D\u00fcsseldorf (DE)<\/td><\/tr><tr><td>&nbsp;2011<\/td><td>* NOK, Kunst uit Drenthe, Friesland en Groningen (NL)<\/td><\/tr><tr><td>2010<\/td><td>* Galerie Cora H\u00f6lzl, &#8216;Eingeschrieben (in)&#8217;, D\u00fcsseldorf (DE)<\/td><\/tr><tr><td>2008<\/td><td>* NOK, Kunst uit Friesland en Groningen [De keuze van Han Steenbruggen, curator Groninger Museum], Leek (NL)<br>* Ruimte 09,  &#8216;Clear Surface&#8217;, Groningen (NL)<\/td><\/tr><tr><td>2007<\/td><td>* Galerie Cora H\u00f6lzl am Salzgries, &#8216;Spiel\/Orte, ein W\u00fcrfelwurf&#8217;, Wien (AT)<br>* NOK, Kunst uit Friesland en Groningen, Leek (NL)<br>* De Galerij, &#8216;Friesland-Groningen. De keuze van Thom Mercuur&#8217;, Drachten (NL)<\/td><\/tr><tr><td>2006<\/td><td>* Niederrheinische Kunstverein Wesel, &#8217;25 Jahre Niederrheinisch Kunstverein&#8217;, Wesel (DE)<\/td><\/tr><tr><td>2005<\/td><td>* Galerie AIR, &#8216;Ouverture&#8217;, Lochem (NL)<br>* Niederrheinische Kunstverein Wesel, &#8216;Die Sammlung R\u00f6hnisch&#8217;, Wesel (DE)<\/td><\/tr><tr><td>2004<\/td><td>* Krefelder Kunstverein, &#8216;Jahresgaben&#8217;, Krefeld (DE)<\/td><\/tr><tr><td>2003<\/td><td>* Lentos Kunstmuseum Linz, &#8216;Gem\u00e4lde &#8211; die Sammlung&#8217;, Linz (AT)<\/td><\/tr><tr><td>2002<\/td><td>* Kunsthalle Lingen, &#8216;Die Qual der Zahl&#8217;, Lingen (DE)<\/td><\/tr><tr><td>2001<\/td><td>* Galerie Cora H\u00f6lzl, &#8216;8 Zeichner&#8217;, D\u00fcsseldorf (DE)<br>* Galerie Pro Memoria, &#8216;Was getekend&#8217;, Deventer (NL)<br>* CBK Groningen,&#8217;Zuigen aan lucht&#8217;, Groningen (NL) <\/td><\/tr><tr><td>2000<\/td><td>* Kulturforum Rheine \/ Kloster Bentlage, &#8216;Drawing to attention&#8217;, Rheine (DE)<\/td><\/tr><tr><td>1998<\/td><td>* Galerie Ferdinand van Dieten-d\u2019Eendt, &#8216;Reflexieve Figuraties&#8217;, Amsterdam (NL)<br>* Kunstcentrum Delft, &#8216;Vormen van betekenis&#8217;, Delft \/ Den Haag (NL)<\/td><\/tr><tr><td>1996<\/td><td>* Galerie Cora H\u00f6lzl, &#8216;Die Grenzen meine Sprache \u2026&#8217;, <br> D\u00fcsseldorf (DE)<br>* Galerie Schickler, &#8216;Stand der Dinge&#8217;, N\u00fcrnberg (DE)<br>* Galerie Pro Memoria, Deventer (NL)<\/td><\/tr><tr><td>1995<\/td><td>* Galerie Ulrich M\u00fcller, &#8216;Unter der Hand&#8217;, K\u00f6ln (DE)<\/td><\/tr><tr><td>1993<\/td><td>*Exposorium Vrije Universiteit, &#8216;Groningen International&#8217;, Amsterdam (NL)<\/td><\/tr><tr><td>1992<\/td><td>* &#8216;International Drawing Tri\u00ebnnale&#8217;, Wroclaw (PL)<br>* Galerie Cora H\u00f6lzl, &#8216;Une Constellation&#8217;, D\u00fcsseldorf (DE)<\/td><\/tr><tr><td>1991<\/td><td>* Kunstverein f\u00fcr die Rheinlande u. Westfalen, &#8216;Kunst, Europa&#8217;, D\u00fcsseldorf \/ Wesel (DE)<\/td><\/tr><tr><td>1990<\/td><td>* Galerie Elba Benitez, Madrid (ES)<br>* Aleph-Almere (NL), Apollohuis-Eindhoven (NL), <br>Moltkerei-K\u00f6ln (DE): &#8216;Circuit&#8217; <br>*Jan Turner Gallery, &#8216;Painting without words&#8217;, Los Angeles (USA)<br>* Museum voor hedendaagse kunst Het Kruithuis, &#8216;Onversneden en toch gemengd&#8217;, &#8216;s-Hertogenbosch (NL)<\/td><\/tr><tr><td>1989<\/td><td>* Archipel, Apeldoorn (NL) \/ Museum Het Prinsenhof, Delft (NL): &#8216;Het machtige beeld&#8217;<br>* De Gele Rijder, &#8216;Owen Griffith, Ton Mars, Yuji Takeoka&#8217;, Arnhem (NL)<\/td><\/tr><tr><td>1988<\/td><td>* Aleph, &#8216;Beschreven Ruimten&#8217;, Almere (NL)* Groninger Museum, &#8216;Tri\u00ebnnale Noord Nederland&#8217;, Groningen (NL)<\/td><\/tr><tr><td>1987<\/td><td>* Y-Tech-Gebouw, &#8216;Stipendia \u201885-\u201886&#8217;, Amsterdam (NL)<br>* Galerie Cora H\u00f6lzl, &#8216;Synopsis&#8217;, D\u00fcsseldorf (DE)<br>* De Zonnehof, Amersfoort \/ De Waag, Almelo \/ Museum Het Kruithuis, Den Bosch \/ Stadsgalerij, Heerlen \/ De Lakenhal, Leiden (NL) &#8216;Tussenblik&#8217;, (New Abstract Painting in the Netherlands) <br>* De Zaak, \u201cTekenen\u201d, Groningen (NL)<br>* Christofori, &#8216;Terzij de Horde&#8217;, Amsterdam (NL)<br>* Centrum Beeldende Kunst, &#8216;Met Verve&#8217;, Groningen (NL)<\/td><\/tr><tr><td>1986<\/td><td>* Logement v.d. Heren van Amsterdam, &#8216;Rijksaankopen 1985. Werk van hedendaagse beeldende kunstenaars&#8217;, Rijksdienst Beeldende Kunst, Den Haag (NL)<br>* De Zaak, &#8216;Opening Show II&#8217;, Groningen (NL)<\/td><\/tr><tr><td>1985<\/td><td>* Bassin Kunstcentrum Limburg,&#8217;14 Kunstenaars&#8217;, Maastricht (NL)<br>* LAK Galerie, Leiden (NL)<br>* De Zaak, &#8216;Hans Scholten, Ton Mars, Rob Nypels. Foto\u2019s, tekeningen,schilderijen&#8217;, Groningen (NL)<br>* Fries Museum, &#8216;Tri\u00ebnnale Noord Nederland&#8217;, Leeuwarden (NL)<br>* Koninklijk Paleis Amsterdam, &#8216;Koninklijke Subsidie voor de Schilderkunst&#8217;, Amsterdam (NL)<br>* &#8216;In Beeld&#8217;, Rijswijk (NL)<br>* Jutta Von Dran, D\u00fcsseldorf (DE)<br>* Shimada Gallery, Yamaguchi (J)<\/td><\/tr><tr><td>1984<\/td><td>* Galerie Annette Gmeiner, Kirchzarten (DE)<\/td><\/tr><tr><td>1980<\/td><td>* De Zaak, &#8216;Opening Show&#8217;, Groningen (NL)<\/td><\/tr><\/tbody><\/table><\/figure>\n\n\n\n<p><strong>Publications<\/strong><\/p>\n\n\n\n<figure class=\"wp-block-table\"><table><tbody><tr><td>2025<\/td><td>* Ton Mars, &#8216;Hermetica. Fragment: tegendraads talent&#8217;, MB 55, tijdschrift van Museum Belv\u00e9d\u00e8re, Heerenveen-Oranjewoud (NL)<br>* &#8216;Full Blown \/ Ton Mars&#8217;, Campis, podium voor hedendaagse kunst, Assen (NL)<br>* Eric Bos, &#8216;Geboorte en dood in tekens uitgedrukt&#8217;, Visualia 1511,  Dagblad van het Noorden, Groningen (NL)<br>* Dagblad ven het Noorden, &#8216;Uitgelicht&#8217;, &#8216;Water, vuur, aarde en lucht: de 4 elementen&#8217;, Groningen (NL) <\/td><\/tr><tr><td>2020<\/td><td>* Ton Mars, edition &#8216;Voorjaar 2020&#8217;, De Ketelfactory, Schiedam (NL) <br>* Ton Mars, &#8216;Hermetica (Fragment: rondom idolatrie)&#8217;, DeFKa Research SC nr.2, Assen (NL)<\/td><\/tr><tr><td>2019<\/td><td>* Sarah Kirsch, catalogue &#8217;25 Jahre GMKD&#8217;, Gesellschaft f\u00fcr Moderne Kunst in Dresden und Albertinum \/ Staatliche Kunstsammlungen Dresden, Dresden (DE)<br>* Han Steenbruggen,  book AB UNO\/AD UNUM [America], Museum Belv\u00e9d\u00e8re, Heerenveen-Oranjewoud (NL)<br>* De Ketelfactory, &#8216;Stil&#8217;, Schiedam (NL)<\/td><\/tr><tr><td>2017<\/td><td> * Ton Mars, &#8216;De werkelijkheid van de Kunst\u2019, (Hanne Darboven en de conceptuele kunst). <em>Extaze<\/em> [Literair magazine], Den Haag, Juni 2017 (NL) <\/td><\/tr><tr><td>2013<\/td><td>*  De Ketelfactory, booklet  &#8216;White Radiance&#8217;,  Schiedam (NL)<br>* Michael Domberger, &#8216;K\u00fcnstlerfreunde&#8217;, [Die Domberger G\u00e4steb\u00fccher], Edition Domberger GmbH, Filderstadt (DE) <\/td><\/tr><tr><td>2012<\/td><td>* Museum Kunstpalast, catalogue &#8216;Aus Passion&#8217;, [Die Sammlung Hanck im Museum Kunstpalast], D\u00fcsseldorf (DE) <\/td><\/tr><tr><td>2011<\/td><td>* Museum Bulletin [MB], Nr. 12 and 15, Tijdschrift van Museum Belv\u00e9d\u00e8re, Heerenveen-Oranjewoud (NL)<br>* Edition Domberger, book &#8220;Claus a. Froh &#8211; nachl\u00e4ssiger nachlass &#8211; gedichte, mit zeichnungen von Ton Mars&#8217;, Filderstadt (DE)<\/td><\/tr><tr><td>2010<\/td><td>* Catalogue &#8216;Art for sure&#8217;, Aegon Art Collection, Den Haag (NL) <\/td><\/tr><tr><td>2009<\/td><td>* Brochure &#8216;Chromodomo&#8217;, Ruimte 09, Groningen (NL) <\/td><\/tr><tr><td>2008<\/td><td>* Ton Mars, brochure &#8216;Clear Surface&#8217;, Ruimte 09, Groningen (NL) <\/td><\/tr><tr><td>2007<\/td><td>* Daniela H\u00f6lzl, leporello &#8216;Ton Mars &#8211; Stazione&#8217;, Galerie Cora H\u00f6lzl, D\u00fcsseldorf (DE) <br>* Bilonda Bukasa, &#8216;Kunstr\u00e4ume mit nat\u00fcrlichem Kontext&#8217;, Die Bunte Zeitung, Wien\/Graz (AT)<br>* Andr\u00e9 Keikes, &#8216;Hoe &#8216;anders&#8217; zijn de Groningers&#8217;, Leeuwarder Courant, Leeuwarden (NL)<\/td><\/tr><tr><td>2006<\/td><td>* Anja Eichler &amp; Hartwig L\u00fcdtke, catalogue &#8216;Kunst und Kommunikation&#8217;, Die Kunstsammlung der Museumsstiftung Post und Telekommunikation, Edition Braus, Heidelberg (DE)<br>* Niederrheinischer Kunstverein Wesel, catalogue &#8217;25 Jahre Niederrheinischer Kunstverein&#8217;, Wesel (DE) <\/td><\/tr><tr><td>2004<\/td><td>* Westdeutsche Zeitung [Kultur in Krefeld], &#8216;Zeichen einer verlorenen Welt &#8211; Die Zahl, das Wort, die Sprache: Arbeiten des Niederl\u00e4nders Ton Mars im Buschh\u00fcterhaus des Kunstvereins&#8217;, Krefeld (DE)<br>* Rheinische Post [Kulturszene Krefeld], &#8216;Die Linie des kalkulierten Schwindels &#8211; Ab Morgen im Kunstverein: Ton Mars f\u00fchrt mit Malerei und Zeichnung in die ZEICHEN-welt&#8217;, Krefeld (DE)<\/td><\/tr><tr><td>2005<\/td><td>* J\u00fcrgen Becks, catalogue &#8216;Die Sammlung R\u00f6hnisch&#8217;, Niederrheinischer Kunstverein, Wesel (DE) <\/td><\/tr><tr><td>2003<\/td><td>* Lentos Kunstmuseum Linz, catalogue &#8216;Gem\u00e4lde &#8211; die Sammlung&#8217;, Linz (AT)<br>* Alfred Meier, &#8216;Die Qual der Zahl&#8217;, Kunsthalle Lingen (DE), Westdeutsche Zeitung  <\/td><\/tr><tr><td>2001<\/td><td>* Michael Staab, ARTIC, nr. 8 &#8216;Heilig&#8217;, K\u00f6ln (DE)<br>* Ton Mars \/ Katalin Herzog,  book \u201cAB UNO \/ AD UNUM\u2019, Museum am Ostwall, Dortmund (DE)<\/td><\/tr><tr><td>2000<\/td><td>* Ton Mars, catalogue &#8216;Lucifer&#8217;, Museum Smallingerland, Drachten (NL)<br>* Katarina Hegewisch, catalogue &#8216;Architektur und Kunst, Hypo Vereinsbank Luxembourg&#8217;, Luxembourg (LU)<br>* Catalogue &#8216;Drawing to attention  [Bezeichnenderweise] Bentlage 2000&#8217;, Kulturforum  Rheine\/Kloster Bentlage, Rheine (DE)<\/td><\/tr><tr><td>1998<\/td><td>* Ton Mars \/ Katalin Herzog,  book &#8216;AB UNO \/ AD UNUM\u2019, Groninger Museum, Groningen (NL)<br>* Kees van der Ploeg, Bulletin no. 51 of the &#8216;Vereniging van Vrienden van het Groninger Museum&#8217;, Groningen (NL)<br>* Ulrich Fernkorn, brochure &#8216;Ton Mars, Schauplatz&#8217;, Kunstverein Bochum e.V., Bochum (DE)<br>* J. Heymans, book &#8216;Een dartele dame&#8217;, (De geschiedenis van de Hengelose (Kunstzaal), Stichting Kunstcentrum Hengelo, Hengelo (NL) <br>*Dr. Gert Reising, &#8216;Ton Mars, Ab Uno\/Ad Unum &#8211; Das Zeichen als Welt&#8217;,  Staatliche Kunsthalle Karlsruhe, Karlsruhe (DE)<\/td><\/tr><tr><td>1997<\/td><td>* Katalin Herzog, &#8216;Voor Dansers&#8217;, FEIT &amp; FICTIE (tijdschrift voor de geschiedenis van de representatie), Jrg. 3, nr. 3, Groningen (NL)<br>* Ton Mars, catalogue \u201cCaleidoscoop 2\u201d, Centrum Beeldende Kunst, Groningen (NL)<br>* Catalogue &#8216;Bovengronds 15 jaar kunstbezit bij Gasunie&#8217;, NV Nederlandse Gasunie, Groningen (NL) <\/td><\/tr><tr><td>1996<\/td><td>* Booklet &#8216;Reflecties op de Schilderkunst&#8217;, Academie Minerva Pers, Groningen (NL) <\/td><\/tr><tr><td>1995<\/td><td>* Catalogue &#8216;4 x 4 Keuzen&#8217;, Niggendijker, Groningen (NL)<br>* Book &#8216;Verborgen Collectie&#8217;, KPN, Koninklijke PTT Nederland NV, Den Haag (NL) <\/td><\/tr><tr><td>1994<\/td><td>* Book &#8216;Ton Mars &#8211; Echoes &amp; Boundaries&#8217;, Galerie Cora H\u00f6lzl, D\u00fcsseldorf (DE) \/ Galerie Akinci, Amsterdam (NL)<br>* Katalin Herzog, &#8216;Wegen naar het Centrum&#8217; (De functies van beeld en taal in het werk van Ton Mars), KRISIS, tijdschrift voor filosofie, nr. 55, De Balie, Amsterdam (NL) <\/td><\/tr><tr><td>1993<\/td><td>* Catalogue &#8216;De Receptie&#8217;, Archipel, Apeldoorn (NL) <\/td><\/tr><tr><td>1992<\/td><td>* Groot, Paul: &#8216;De Zaak im R\u00fcckblick&#8217;, Kunstforum International, Bd. 117, K\u00f6ln (DE)<\/td><\/tr><tr><td>1991<\/td><td>* Catalogue &#8216;Kunst, Europa&#8217;, D\u00fcsseldorf (DE)<\/td><\/tr><tr><td>1990<\/td><td>* Catalogue &#8216;950 Banieren&#8217;, Art Press, Groningen (NL) <br>* Seit 1990 <span style=\"font-size: revert; color: initial;\">silkscreen and digital prints at Edition Domberger, Filderstadt (DE). www.domberger.de<\/span>  <\/td><\/tr><tr><td>1989<\/td><td>* Catalogue &#8216;Het Machtige Beeld&#8217;, Archipel, Apeldoorn (NL) <br>* Frank Alexander Hettig, &#8216;Ton Mars \/ Michel Sauer&#8217;, <br>Kunstforum International, Bd. 102, nr. 4, K\u00f6ln (DE) <\/td><\/tr><tr><td>1988<\/td><td>* Book &#8216;Ton Mars &#8211; The Corresponding Difference&#8217;, Galerie Cora H\u00f6lzl, D\u00fcsseldorf (DE)<br>* Graevenitz, Antje. Booklet &#8216;Ander werk, teksten van kunstenaars in Nederland&#8217;, Arnhem (NL)<br>* Ine Gevers, catalogue &#8216;Beschreven Ruimten&#8217;, Aleph, Almere (NL)<br>* Jola Meier, catalogue &#8216;Tri\u00ebnnale Noord Nederland&#8217;, Groninger Museum, Groningen (NL)<br>* Hanna Hummeltenberg,  &#8216;Zu den Arbeiten von Ton Mars: Schauplatz&#8217;, NIKE, nr. 25, Jrg. 6, M\u00fcnchen (DE) <\/td><\/tr><tr><td>1987<\/td><td>* Mathilde Roskam, catalogue &#8216;Tussenblik&#8217;, Museum Het Kruithuis, Den Bosch (NL)<br>* Catalogue &#8216;Stipendia \u201885-\u201886&#8217;, Amsterdam (NL)<br>* Mathilde Roskam, catalogue &#8216;Begegnung mit den Niederlanden&#8217;, Freiburg (DE)<br>* Mathilde Roskam, &#8216;Kunstbeeld&#8217;, Amsterdam (NL)<br>* Catalogue &#8216;Terzij de Horde&#8217;, Amsterdam (NL)<br>* Museumjournaal nr. 1, &#8216;Ton Mars&#8217;, Amsterdam (NL)<br>* Marjolein Schaap, &#8216;Vijf schilders&#8217;, Metropolis M, nr. 3, Amsterdam (NL)<br>* Gerard Lakke, catalogue &#8216;Met Verve&#8217;, Centrum Beeldende Kunst, Groningen (NL) <br>* Paul Steenhuis, &#8216;Het nieuwe kunstbeleid&#8217;, Vrij Nederland nr. 4, Amsterdam (NL)<\/td><\/tr><tr><td>1986<\/td><td>* Gerard Lakke, &#8216;De Zaak, het groeiend verantwoordelijkheidsbesef van een avant-garde instelling&#8217;, Metropolis M, bd. 7, nr. 3, Amsterdam (NL)<br>* Riet De Leeuw, catalogue &#8216;Rijksaankopen 1985&#8217;, Amsterdam (NL)<br>* Klaus Schrenk, a.o. catalogue  &#8216;Shimada&#8217;, Shimada Gallery, Yamaguchi (JP) <\/td><\/tr><tr><td>1985<\/td><td>* Catalogue &#8216;Tri\u00ebnnale Noord Nederland&#8217;, Fries Museum, Leeuwarden (NL)<br>* Leeuwarder Courant, &#8216;Tri\u00ebnnale Noord Nederland&#8217;, Leeuwarden (NL)<br>* Amine Haase, &#8216;F\u00fcr den Glauben an eine Sprache der Zeichen&#8217;, Kunstforum International, bd. 79, K\u00f6ln (DE)<br>* Alied Ottevanger, &#8216;De Zaak: Jouke Kleerebezem, Ton Mars, Hans Scholten&#8217;, Metropolis M, bd.6, nr.3, Amsterdam (NL)<br>* Jules Dister, a.o.. bulletin &#8216;De Zaakwaarnemers&#8217;, Het Bassin, <br> Maastricht (NL)<br>* Catalogue &#8216;In Beeld&#8217;, Rijswijk (NL) <\/td><\/tr><tr><td>1984<\/td><td>* Book &#8216;De Lucascrater&#8217;, (De Zaak), ABK Minerva, Groningen (NL)<br>* Catalogue &#8216;Perfo II&#8217;, (De Zaak) &#8216;Wo aber die Gefahr ist, w\u00e4chst das Rettende auch&#8217; and &#8216;Chants d\u2019Extase et de Gu\u00e9rison&#8217;, Rotterdam (NL)<br>* Appelbulletin nr. 1, &#8216;De Zaak&#8217;, Stichting de Appel, Amsterdam (NL) <br>* Anneke Miedema, &#8216;Boeiende driemansexpositie in De Zaak&#8217;, Nieuwsblad van het Noorden, Groningen (NL)<br>* Rieks Holtkamp, &#8216;Kijkflitsen&#8217;, Winschoter Courant, Winschoten (NL)<\/td><\/tr><tr><td>1982<\/td><td>* Catalogue &#8216;Nieuw Werk&#8217;, Roden (NL) <\/td><\/tr><tr><td>1981<\/td><td>* Bulletin &#8216;Drukwerk De Zaak, Jrg. 1981-1987&#8217;,  (Editor, writer and artist contributions), Groningen (NL)<br>* Edition &#8217;17 Bladen&#8217;, Stichting De Zaak, Groningen (NL)<br>* Stefan Hogenelst, catalogue &#8216;De Zaak Tripoly&#8217;, Groningen (NL) <\/td><\/tr><\/tbody><\/table><\/figure>\n\n\n\n<p class=\"has-cobalt-background-color has-background\"><strong>Contact<\/strong><br><br><br>Ton Mars<br>tonmars@home.nl <\/p>\n","protected":false},"excerpt":{"rendered":"<p>Curriculum vitae 1950* Born in Dalfsen (NL).1972-1976* Fine Arts at Academy Minerva, Groningen (NL)1976* Trip to North-, Middle- and South America.1979* Co-founder of &#8216;Stichting De Zaak&#8217; and magazine &#8216;Drukwerk De Zaak&#8217;, Groningen (NL)1980-2004 * Professor in Fine Arts at Academy Minerva, Groningen (NL)1986 * Stipendium of&#8230;<\/p>\n","protected":false},"author":1,"featured_media":0,"parent":0,"menu_order":0,"comment_status":"closed","ping_status":"open","template":"","meta":[],"_links":{"self":[{"href":"https:\/\/tonmars.com\/index.php?rest_route=\/wp\/v2\/pages\/2"}],"collection":[{"href":"https:\/\/tonmars.com\/index.php?rest_route=\/wp\/v2\/pages"}],"about":[{"href":"https:\/\/tonmars.com\/index.php?rest_route=\/wp\/v2\/types\/page"}],"author":[{"embeddable":true,"href":"https:\/\/tonmars.com\/index.php?rest_route=\/wp\/v2\/users\/1"}],"replies":[{"embeddable":true,"href":"https:\/\/tonmars.com\/index.php?rest_route=%2Fwp%2Fv2%2Fcomments&post=2"}],"version-history":[{"count":70,"href":"https:\/\/tonmars.com\/index.php?rest_route=\/wp\/v2\/pages\/2\/revisions"}],"predecessor-version":[{"id":1352,"href":"https:\/\/tonmars.com\/index.php?rest_route=\/wp\/v2\/pages\/2\/revisions\/1352"}],"wp:attachment":[{"href":"https:\/\/tonmars.com\/index.php?rest_route=%2Fwp%2Fv2%2Fmedia&parent=2"}],"curies":[{"name":"wp","href":"https:\/\/api.w.org\/{rel}","templated":true}]}}